{"id":33,"date":"2021-02-06T14:28:13","date_gmt":"2021-02-06T14:28:13","guid":{"rendered":"https:\/\/sandrakoops.nl\/?page_id=33"},"modified":"2021-02-07T14:24:17","modified_gmt":"2021-02-07T14:24:17","slug":"voorwaarden-2","status":"publish","type":"page","link":"https:\/\/sandrakoops.nl\/?page_id=33","title":{"rendered":"Voorwaarden"},"content":{"rendered":"\n<h2>Algemene Voorwaarden En Privacy<\/h2>\n\n\n\n<p><strong>Algemene voorwaarden Sandra Koops voor voeten en handen<\/strong><\/p>\n\n\n\n<p><strong>Ook Sandra Koops voor voeten en handen voldoet aan de AVG wetgeving die sinds mei 2018 van kracht is, de voorwaarden, privacy regels, Bejegenings- en huisregels kunt u downloaden door op de hiernaast afgebeelde linkt te klikken.<br><br>Algemene Voorwaarden<br>Algemeen<\/strong><br><br>Deze voorwaarden gelden voor iedere aanbieding, behandeling en transactie tussen Sandra Koops voor voeten en handen en een cli\u00ebnt waarop Sandra Koops voor voeten en handen deze voorwaarden van toepassing heeft verklaard, voor zover van deze voorwaarden niet door partijen uitdrukkelijk en schriftelijk is afgeweken.<br><br><strong>Inspanningen<\/strong><br>Sandra Koops voor voeten en handen zal de behandelingen naar beste inzicht en vermogen en overeenkomstig de eisen van goed vakmanschap uitvoeren en op grond van de op dat moment bekende stand der wetenschap, zal Sandra Koops voor voeten en handen zo veel als redelijkerwijs mogelijk is de cli\u00ebnt inlichten over financi\u00eble consequenties van de wijziging of aanvulling van de behandeling.<br><br><strong>Afspraken<\/strong><br>De cli\u00ebnt moet verhindering voor een afspraak zo spoedig mogelijk, doch uiterlijk 24 uur voorafgaande aan de afspraak aan Sandra Koops voor voeten en handen melden. Indien de cli\u00ebnt deze verplichting niet of niet tijdig nakomt, mag Sandra Koops voor voeten en handen het gehele honorarium voor de afgesproken behandeling aan de cli\u00ebnt berekenen. Indien de cli\u00ebnt meer dan vijf minuten later dan de afgesproken tijd in de praktijk komt, mag Sandra Koops voor voeten en handen de verloren tijd inkorten op de behandeling en toch het gehele afgesproken honorarium berekenen. Sandra Koops voor voeten en handen moet verhindering voor een afspraak zo spoedig mogelijk, doch uiterlijk 24 uur voorafgaande aan de afspraak aan de cli\u00ebnt melden. Beide partijen hoeven zich niet aan deze verplichting te houden, indien zij gehinderd worden door overmacht. Overmacht omvat datgene wat de wet en jurisprudentie daarover zegt. Kort gezegd: Afspraken die niet 24 uur van te voren zijn afgezegd zullen volledig in rekening worden gebracht.<br><br><strong>Betaling<\/strong><br>Sandra Koops voor voeten en handen vermeldt alle prijzen van behandeling en producten zichtbaar in de praktijk. De gemelde prijzen zijn inclusief BTW. Aanbiedingen in advertenties zijn geldig in de aangegeven looptijd en\/of zolang de voorraad strekt. De cli\u00ebnt dient direct na afloop van de behandeling de betaling van de behandeling en eventuele producten contant of per overboeking te voldoen.<br><br><strong>Persoonsgegevens en privacy<\/strong><br>De cli\u00ebnt voorziet Sandra Koops voor voeten en handen v\u00f3\u00f3r de eerste behandeling van alle gegevens, waarvan Sandra Koops voor voeten en handen aangeeft dat deze noodzakelijk zijn of waarvan de cli\u00ebnt redelijkerwijs behoort te begrijpen dat deze noodzakelijk zijn voor het zorgvuldig uitvoeren van de behandelingen. Sandra Koops voor voeten en handen neemt de persoonlijke gegevens van de cli\u00ebnt op in een geautomatiseerd systeem en\/of op een klantenkaart. Sandra Koops voor voeten en handen behandelt de vertrouwelijke gegevens van de cli\u00ebnt volgens de richtlijnen in de Wet Bescherming Persoonsgegevens en de Algemene verordening gegevensbescherming (AVG) de privacywetgeving. Sandra Koops voor voeten en handen zal gegevens van de cli\u00ebnt niet verkopen of verhuren aan derden zonder schriftelijke toestemming vooraf van de cli\u00ebnt.<br><br><strong>Geheimhouding<\/strong><br>Sandra Koops voor voeten en handen is verplicht tot geheimhouding van alle vertrouwelijke informatie die de cli\u00ebnt heeft medegedeeld tijdens de behandeling. Informatie geldt als vertrouwelijk als dit door de cli\u00ebnt is medegedeeld of als dit voortvloeit uit de aard van de informatie. De geheimhouding vervalt indien, op grond van een wettelijke bepaling of een gerechtelijke uitspraak, Sandra Koops voor voeten en handen verplicht is de vertrouwelijke informatie aan derden te verstrekken.<br><br>Sandra Koops voor voeten en handen is niet aansprakelijk voor schade, van welke aard dan ook, ontstaan doordat Sandra Koops voor voeten en handen is uitgegaan van door de cli\u00ebnt verstrekte onjuiste en\/of onvolledige informatie over relevante lichamelijke aandoeningen, medicijngebruik, werkzaamheden of vrijetijdsbesteding. Sandra Koops voor voeten en handen is niet aansprakelijk voor beschadiging van persoonlijke eigendommen die de cli\u00ebnt heeft meegenomen naar de praktijk.<br><br><strong>Beschadiging en Diefstal<br><\/strong>Sandra Koops voor voeten en handen heeft het recht van de cli\u00ebnt een schadevergoeding te eisen indien de cli\u00ebnt meubilair, apparatuur of producten beschadigt. Sandra Koops voor voeten en handen meldt diefstal altijd bij de politie.<br><br><strong>Klachten<br><\/strong>Indien de cli\u00ebnt een klacht heeft over de behandeling of een product, moet deze zo spoedig mogelijk, doch binnen vijf werkdagen na ontdekking schriftelijk gemeld worden aan Sandra Koops voor voeten en handen. Sandra Koops voor voeten en handen moet de klager binnen vijf werkdagen adequaat antwoord geven. Indien een klacht gegrond is, zal Sandra Koops voor voeten en handen de behandeling opnieuw verrichten zoals overeengekomen, tenzij dit inmiddels voor de cli\u00ebnt aantoonbaar zinloos is geworden en de cli\u00ebnt dit schriftelijk kenbaar maakt. Behoorlijk gedrag De cli\u00ebnt behoort zich in de praktijk behoorlijk te gedragen volgens algemeen aanvaarde normen. Indien de cli\u00ebnt na herhaaldelijke waarschuwingen onbehoorlijk gedrag blijft vertonen, heeft Sandra Koops voor voeten en handen het recht de cli\u00ebnt toegang tot de praktijk te weigeren zonder opgaaf van redenen. Recht Op elke overeenkomst tussen Sandra Koops voor voeten en handen en de cli\u00ebnt is Nederlands recht van toepassing. In geval van uitleg van de inhoud en strekking van deze algemene voorwaarden, is de Nederlandse tekst daarvan steeds bepalend. Van toepassing is steeds de laatst gedeponeerde versie c.q. de versie zoals die gold ten tijde van het tot standkoming van de overeenkomst.<br><br><strong>Contact<br><\/strong>Sandra Koops voor voeten en handen Erve Stroomboer 48 7623 JA Borne M: 06 121 14 082 Email:info@sandrakoops.nl Internet: www.sandrakoops.nl K.v.K. : 52023591<\/p>\n\n\n\n<p><strong>Privacy Regels\/ Privacy Policy<\/strong><br>Sandra Koops voor handen en voeten hecht veel waarde aan de bescherming van uw persoonsgegevens. Mijn privacyregels kunt u downloaden als pdf.<\/p>\n\n\n\n<p><strong>Bejegening en Huisregels<\/strong><br>Sandra Koops voor handen en voeten hanteerd bejegening en huisregels. Deze regels kunt u downloaden als pdf.<\/p>\n\n\n\n<div class=\"wp-block-file\"><a href=\"https:\/\/sandrakoops.nl\/wp-content\/uploads\/2021\/02\/Algemene-Voorwaarden.pdf\">Algemene-Voorwaarden<\/a><a href=\"https:\/\/sandrakoops.nl\/wp-content\/uploads\/2021\/02\/Algemene-Voorwaarden.pdf\" class=\"wp-block-file__button\" download>Download<\/a><\/div>\n\n\n\n<div class=\"wp-block-file\"><a href=\"https:\/\/sandrakoops.nl\/wp-content\/uploads\/2021\/02\/Privacyregels-1.pdf\">Privacyregels<\/a><a href=\"https:\/\/sandrakoops.nl\/wp-content\/uploads\/2021\/02\/Privacyregels-1.pdf\" class=\"wp-block-file__button\" download>Download<\/a><\/div>\n\n\n\n<div class=\"wp-block-file\"><a href=\"https:\/\/sandrakoops.nl\/wp-content\/uploads\/2021\/02\/Bejegening.pdf\">Bejegeningregels<\/a><a href=\"https:\/\/sandrakoops.nl\/wp-content\/uploads\/2021\/02\/Bejegening.pdf\" class=\"wp-block-file__button\" download>Download<\/a><\/div>\n\n\n\n<div class=\"wp-block-file\"><a href=\"https:\/\/sandrakoops.nl\/wp-content\/uploads\/2021\/02\/Huisregels.pdf\">Huisregels<\/a><a href=\"https:\/\/sandrakoops.nl\/wp-content\/uploads\/2021\/02\/Huisregels.pdf\" class=\"wp-block-file__button\" download>Download<\/a><\/div>\n","protected":false},"excerpt":{"rendered":"<p>Algemene Voorwaarden En Privacy Algemene voorwaarden Sandra Koops voor voeten en handen Ook Sandra Koops voor voeten en handen voldoet aan de AVG wetgeving die [&#8230;]<\/p>\n","protected":false},"author":1,"featured_media":0,"parent":0,"menu_order":0,"comment_status":"closed","ping_status":"closed","template":"","meta":[],"_links":{"self":[{"href":"https:\/\/sandrakoops.nl\/index.php?rest_route=\/wp\/v2\/pages\/33"}],"collection":[{"href":"https:\/\/sandrakoops.nl\/index.php?rest_route=\/wp\/v2\/pages"}],"about":[{"href":"https:\/\/sandrakoops.nl\/index.php?rest_route=\/wp\/v2\/types\/page"}],"author":[{"embeddable":true,"href":"https:\/\/sandrakoops.nl\/index.php?rest_route=\/wp\/v2\/users\/1"}],"replies":[{"embeddable":true,"href":"https:\/\/sandrakoops.nl\/index.php?rest_route=%2Fwp%2Fv2%2Fcomments&post=33"}],"version-history":[{"count":4,"href":"https:\/\/sandrakoops.nl\/index.php?rest_route=\/wp\/v2\/pages\/33\/revisions"}],"predecessor-version":[{"id":148,"href":"https:\/\/sandrakoops.nl\/index.php?rest_route=\/wp\/v2\/pages\/33\/revisions\/148"}],"wp:attachment":[{"href":"https:\/\/sandrakoops.nl\/index.php?rest_route=%2Fwp%2Fv2%2Fmedia&parent=33"}],"curies":[{"name":"wp","href":"https:\/\/api.w.org\/{rel}","templated":true}]}}